{"id":29,"date":"2015-03-03T22:27:06","date_gmt":"2015-03-03T20:27:06","guid":{"rendered":"http:\/\/b-metzmacher.de\/?page_id=29"},"modified":"2023-03-18T18:11:25","modified_gmt":"2023-03-18T16:11:25","slug":"impressum","status":"publish","type":"page","link":"http:\/\/b-metzmacher.de\/?page_id=29","title":{"rendered":"Impressum"},"content":{"rendered":"<p>verantwortlich:<\/p>\n<p>B\u00e9atrice Metzmacher<\/p>\n<p>7554 Sent, Schigliana 144 a &#8211; Schweiz<\/p>\n<p>Tel. f\u00fcr Deutschland (+49) &#8211; 1781 28 28 52 \/ f\u00fcr Schweiz (+41) &#8211; 77 255 31 17<\/p>\n<p>e-mail: bocca1(at)gmx.de<\/p>\n<p>www.b-metzmacher.de<\/p>\n<p>Haftungshinweis:<\/p>\n<p>Trotz sorgf\u00e4ltiger inhaltlicher Kontrolle \u00fcbernehme ich keine Haftung f\u00fcr die Inhalte externer Links. F\u00fcr den Inhalt verlinkter Seiten sind ausschlie\u00dflich deren Betreiber_innen verantwortlich.<\/p>\n<p>Fotos: B\u00e9atrice Metzmacher<\/p>\n","protected":false},"excerpt":{"rendered":"<p>verantwortlich: B\u00e9atrice Metzmacher 7554 Sent, Schigliana 144 a &#8211; Schweiz Tel. f\u00fcr Deutschland (+49) &#8211; 1781 28 28 52 \/ f\u00fcr Schweiz (+41) &#8211; 77 255 31 17 e-mail: bocca1(at)gmx.de www.b-metzmacher.de Haftungshinweis: Trotz sorgf\u00e4ltiger inhaltlicher Kontrolle \u00fcbernehme ich keine Haftung f\u00fcr die Inhalte externer Links. F\u00fcr den Inhalt verlinkter Seiten sind ausschlie\u00dflich deren Betreiber_innen verantwortlich. [&hellip;]<\/p>\n","protected":false},"author":1,"featured_media":0,"parent":0,"menu_order":0,"comment_status":"closed","ping_status":"open","template":"","meta":[],"_links":{"self":[{"href":"http:\/\/b-metzmacher.de\/index.php?rest_route=\/wp\/v2\/pages\/29"}],"collection":[{"href":"http:\/\/b-metzmacher.de\/index.php?rest_route=\/wp\/v2\/pages"}],"about":[{"href":"http:\/\/b-metzmacher.de\/index.php?rest_route=\/wp\/v2\/types\/page"}],"author":[{"embeddable":true,"href":"http:\/\/b-metzmacher.de\/index.php?rest_route=\/wp\/v2\/users\/1"}],"replies":[{"embeddable":true,"href":"http:\/\/b-metzmacher.de\/index.php?rest_route=%2Fwp%2Fv2%2Fcomments&post=29"}],"version-history":[{"count":12,"href":"http:\/\/b-metzmacher.de\/index.php?rest_route=\/wp\/v2\/pages\/29\/revisions"}],"predecessor-version":[{"id":648,"href":"http:\/\/b-metzmacher.de\/index.php?rest_route=\/wp\/v2\/pages\/29\/revisions\/648"}],"wp:attachment":[{"href":"http:\/\/b-metzmacher.de\/index.php?rest_route=%2Fwp%2Fv2%2Fmedia&parent=29"}],"curies":[{"name":"wp","href":"https:\/\/api.w.org\/{rel}","templated":true}]}}